{"id":573,"date":"2018-03-19T08:27:47","date_gmt":"2018-03-19T08:27:47","guid":{"rendered":"http:\/\/lapa.la-studioweb.com\/?page_id=573"},"modified":"2022-01-11T11:11:22","modified_gmt":"2022-01-11T08:11:22","slug":"iletisim","status":"publish","type":"page","link":"http:\/\/eraybranda.com\/index.php\/iletisim\/","title":{"rendered":"\u0130leti\u015fim"},"content":{"rendered":"<section class=\"wpb-content-wrapper\"><p>[vc_row][vc_column]<div id=\"la_divider69e0bf1a54c92\" class=\"js-el la-divider la-unit-responsive\" data-la_component=\"UnitResponsive\"  data-el_target='#la_divider69e0bf1a54c92'  data-el_media_sizes='{&quot;padding-top&quot;:&quot;lg:110px;&quot;}' ><\/div>\n[\/vc_column][\/vc_row][vc_row][vc_column width=&#8221;1\/3&#8243; offset=&#8221;vc_col-lg-3&#8243; css=&#8221;.vc_custom_1501201700765{margin-bottom: 30px !important;padding-right: 0px !important;}&#8221;]<span data-la_component=\"InsertCustomCSS\" class=\"js-el hidden\">@font-face {\n\t\t\t\t\tfont-family: 'LaStudio Outline';\n\t\t\t\t\tsrc: url('http:\/\/eraybranda.com\/wp-content\/plugins\/lastudio\/public\/fonts\/nucleo-outline.eot');\n\t\t\t\t\tsrc: url('http:\/\/eraybranda.com\/wp-content\/plugins\/lastudio\/public\/fonts\/nucleo-outline.eot') format('embedded-opentype'),\n\t\t\t\t\turl('http:\/\/eraybranda.com\/wp-content\/plugins\/lastudio\/public\/fonts\/nucleo-outline.woff2') format('woff2'),\n\t\t\t\t\turl('http:\/\/eraybranda.com\/wp-content\/plugins\/lastudio\/public\/fonts\/nucleo-outline.woff') format('woff'),\n\t\t\t\t\turl('http:\/\/eraybranda.com\/wp-content\/plugins\/lastudio\/public\/fonts\/nucleo-outline.ttf') format('truetype'),\n\t\t\t\t\turl('http:\/\/eraybranda.com\/wp-content\/plugins\/lastudio\/public\/fonts\/nucleo-outline.svg') format('svg');\n\t\t\t\t\tfont-weight: 400;\n\t\t\t\t\tfont-style: normal\n\t\t\t\t}<\/span><div id=\"la_icon_boxes_69e0bf1a55055\" class=\"la-sc-icon-boxes wpb_content_element icon-type-normal icon-pos-left icon-style-simple margin-bottom-25\">\n    <div class=\"icon-boxes-inner\"><div class=\"box-icon-left\"><div class=\"box-icon-inner type-icon\"><div class=\"wrap-icon\"><div class=\"box-icon box-icon-style-simple\"><span><i class=\"la-icon location_pin\"><\/i><\/span><\/div><\/div><\/div><\/div><div class=\"box-contents\"><div class=\"box-heading\"><h5 class=\"js-el la-unit-responsive icon-heading\" style=\"\" >Adres<\/h5><\/div><div class=\"js-el la-unit-responsive box-description text-uppercase padding-top-0 margin-top-0\" style=\"color:#343538\"  data-la_component=\"UnitResponsive\"  data-el_target='#la_icon_boxes_69e0bf1a55055 .box-description'  data-el_media_sizes='{&quot;font-size&quot;:&quot;lg:11px;&quot;,&quot;line-height&quot;:&quot;lg:20px;&quot;}' ><p>S\u00fcleymaniye Mh. O.S.B 4. No:101 \u0130NEG\u00d6L\/BURSA<\/p>\n<\/div><\/div><\/div>\n<\/div>\n<span data-la_component=\"InsertCustomCSS\" class=\"js-el hidden\">#la_icon_boxes_69e0bf1a55055.la-sc-icon-boxes .wrap-icon .box-icon span{line-height:32px;font-size:32px;width:32px;height:32px;color:#343538}#la_icon_boxes_69e0bf1a55055.icon-type-normal:hover .wrap-icon .box-icon span{color:#343538}<\/span>\n<div id=\"la_icon_boxes_69e0bf1a554cb\" class=\"la-sc-icon-boxes wpb_content_element icon-type-normal icon-pos-left icon-style-simple margin-bottom-25\">\n    <div class=\"icon-boxes-inner\"><div class=\"box-icon-left\"><div class=\"box-icon-inner type-icon\"><div class=\"wrap-icon\"><div class=\"box-icon box-icon-style-simple\"><span><i class=\"la-icon ui-3_phone-call\"><\/i><\/span><\/div><\/div><\/div><\/div><div class=\"box-contents\"><div class=\"box-heading\"><h5 class=\"js-el la-unit-responsive icon-heading\" style=\"\" >Telefon<\/h5><\/div><div class=\"js-el la-unit-responsive box-description text-uppercase padding-top-0 margin-top-0\" style=\"color:#343538\"  data-la_component=\"UnitResponsive\"  data-el_target='#la_icon_boxes_69e0bf1a554cb .box-description'  data-el_media_sizes='{&quot;font-size&quot;:&quot;lg:11px;&quot;,&quot;line-height&quot;:&quot;lg:20px;&quot;}' ><p><a href=\"tel:02247114948\">0 (224) 711 49 48<\/a><\/p>\n<\/div><\/div><\/div>\n<\/div>\n<span data-la_component=\"InsertCustomCSS\" class=\"js-el hidden\">#la_icon_boxes_69e0bf1a554cb.la-sc-icon-boxes .wrap-icon .box-icon span{line-height:32px;font-size:32px;width:32px;height:32px;color:#343538}#la_icon_boxes_69e0bf1a554cb.icon-type-normal:hover .wrap-icon .box-icon span{color:#343538}<\/span>\n<div id=\"la_icon_boxes_69e0bf1a5576d\" class=\"la-sc-icon-boxes wpb_content_element icon-type-normal icon-pos-left icon-style-simple\">\n    <div class=\"icon-boxes-inner\"><div class=\"box-icon-left\"><div class=\"box-icon-inner type-icon\"><div class=\"wrap-icon\"><div class=\"box-icon box-icon-style-simple\"><span><i class=\"la-icon ui-1_email-84\"><\/i><\/span><\/div><\/div><\/div><\/div><div class=\"box-contents\"><div class=\"js-el la-unit-responsive box-description text-uppercase padding-top-0 margin-top-0\" style=\"color:#343538\"  data-la_component=\"UnitResponsive\"  data-el_target='#la_icon_boxes_69e0bf1a5576d .box-description'  data-el_media_sizes='{&quot;font-size&quot;:&quot;lg:11px;&quot;,&quot;line-height&quot;:&quot;lg:20px;&quot;}' ><p>info@eraybranda.com<\/p>\n<\/div><\/div><\/div>\n<\/div>\n<span data-la_component=\"InsertCustomCSS\" class=\"js-el hidden\">#la_icon_boxes_69e0bf1a5576d.la-sc-icon-boxes .wrap-icon .box-icon span{line-height:32px;font-size:32px;width:32px;height:32px;color:#343538}#la_icon_boxes_69e0bf1a5576d.icon-type-normal:hover .wrap-icon .box-icon span{color:#343538}<\/span>\n<div class=\"social-media-link style-default font-size-16 text-color-secondary margin-bottom-40\"><a href=\"#\" class=\"facebook\" title=\"Facebook\" target=\"_blank\" rel=\"nofollow\"><i class=\"fa fa-facebook\"><\/i><\/a><a href=\"#\" class=\"twitter\" title=\"Twitter\" target=\"_blank\" rel=\"nofollow\"><i class=\"fa fa-twitter\"><\/i><\/a><a href=\"#\" class=\"pinterest\" title=\"Pinterest\" target=\"_blank\" rel=\"nofollow\"><i class=\"fa fa-pinterest-p\"><\/i><\/a><a href=\"#\" class=\"instagram\" title=\"Instagram\" target=\"_blank\" rel=\"nofollow\"><i class=\"fa fa-instagram\"><\/i><\/a><a href=\"#\" class=\"google-plus\" title=\"Google Plus\" target=\"_blank\" rel=\"nofollow\"><i class=\"fa fa-google-plus\"><\/i><\/a><\/div><div id=\"wrap_la_maps_69e0bf1a561b4\" class=\"la-shortcode-maps\" style=\"min-height:340px\"><div id=\"la_maps_69e0bf1a561b4\" class=\"la-maps-inner\" style=\"width:100%;height:340px\"><\/div><\/div><div id=\"la_maps_69e0bf1a561b4_contentbox\" class=\"hidden\"><\/div><script type='text\/javascript'>\n    (function($) {\n        'use strict';\n\n        $(window).load(function(){\n\n            var _init_map = function(){\n                var map_la_maps_69e0bf1a561b4 = null;\n                var coordinate_la_maps_69e0bf1a561b4;\n                var isDraggable = $(document).width() > 641 ? true : true;\n                coordinate_la_maps_69e0bf1a561b4 = new google.maps.LatLng(40.0838038,29.5195443,15);\n                var mapOptions = {\n                    zoom: 12,\n                    center: coordinate_la_maps_69e0bf1a561b4,\n                    scaleControl: true,\n                    streetViewControl: false,\n                    mapTypeControl: false,\n                    zoomControl: false,\n                    scrollwheel: true,\n                    draggable: isDraggable,\n                    zoomControlOptions: {\n                        style: google.maps.ZoomControlStyle.SMALL                    },\n                    mapTypeControlOptions:{\n                        mapTypeIds: [google.maps.MapTypeId.ROADMAP, 'map_style']\n                    }\n                };\n                var styles = [{\"featureType\":\"administrative\",\"elementType\":\"geometry\",\"stylers\":[{\"saturation\":\"2\"},{\"visibility\":\"simplified\"}]},{\"featureType\":\"administrative\",\"elementType\":\"labels\",\"stylers\":[{\"saturation\":\"-28\"},{\"lightness\":\"-10\"},{\"visibility\":\"on\"}]},{\"featureType\":\"administrative\",\"elementType\":\"labels.text.fill\",\"stylers\":[{\"color\":\"#444444\"}]},{\"featureType\":\"landscape\",\"elementType\":\"all\",\"stylers\":[{\"color\":\"#f2f2f2\"}]},{\"featureType\":\"landscape\",\"elementType\":\"geometry.fill\",\"stylers\":[{\"saturation\":\"-1\"},{\"lightness\":\"-12\"}]},{\"featureType\":\"landscape.natural\",\"elementType\":\"labels.text\",\"stylers\":[{\"lightness\":\"-31\"}]},{\"featureType\":\"landscape.natural\",\"elementType\":\"labels.text.fill\",\"stylers\":[{\"lightness\":\"-74\"}]},{\"featureType\":\"landscape.natural\",\"elementType\":\"labels.text.stroke\",\"stylers\":[{\"lightness\":\"65\"}]},{\"featureType\":\"landscape.natural.landcover\",\"elementType\":\"geometry\",\"stylers\":[{\"lightness\":\"-15\"}]},{\"featureType\":\"landscape.natural.landcover\",\"elementType\":\"geometry.fill\",\"stylers\":[{\"lightness\":\"0\"}]},{\"featureType\":\"poi\",\"elementType\":\"all\",\"stylers\":[{\"visibility\":\"off\"}]},{\"featureType\":\"road\",\"elementType\":\"all\",\"stylers\":[{\"saturation\":-100},{\"lightness\":45}]},{\"featureType\":\"road\",\"elementType\":\"geometry\",\"stylers\":[{\"visibility\":\"on\"},{\"saturation\":\"0\"},{\"lightness\":\"-9\"}]},{\"featureType\":\"road\",\"elementType\":\"geometry.stroke\",\"stylers\":[{\"lightness\":\"-14\"}]},{\"featureType\":\"road\",\"elementType\":\"labels\",\"stylers\":[{\"lightness\":\"-35\"},{\"gamma\":\"1\"},{\"weight\":\"1.39\"}]},{\"featureType\":\"road\",\"elementType\":\"labels.text.fill\",\"stylers\":[{\"lightness\":\"-19\"}]},{\"featureType\":\"road\",\"elementType\":\"labels.text.stroke\",\"stylers\":[{\"lightness\":\"46\"}]},{\"featureType\":\"road.highway\",\"elementType\":\"all\",\"stylers\":[{\"visibility\":\"simplified\"}]},{\"featureType\":\"road.highway\",\"elementType\":\"labels.icon\",\"stylers\":[{\"lightness\":\"-13\"},{\"weight\":\"1.23\"},{\"invert_lightness\":true},{\"visibility\":\"simplified\"},{\"hue\":\"#ff0000\"}]},{\"featureType\":\"road.arterial\",\"elementType\":\"labels.icon\",\"stylers\":[{\"visibility\":\"off\"}]},{\"featureType\":\"transit\",\"elementType\":\"all\",\"stylers\":[{\"visibility\":\"off\"}]},{\"featureType\":\"water\",\"elementType\":\"all\",\"stylers\":[{\"color\":\"#adadad\"},{\"visibility\":\"on\"}]}];\n                var styledMap = new google.maps.StyledMapType(styles,{name: \"Styled Map\"});\n                var map_la_maps_69e0bf1a561b4 = new google.maps.Map(document.getElementById('la_maps_69e0bf1a561b4'),mapOptions);\n                                map_la_maps_69e0bf1a561b4.mapTypes.set('map_style', styledMap);\n                map_la_maps_69e0bf1a561b4.setMapTypeId('map_style');\n                                var marker_la_maps_69e0bf1a561b4 = new google.maps.Marker({\n                    position: new google.maps.LatLng(40.0838038,29.5195443,15),\n                    animation:  google.maps.Animation.DROP,\n                    map: map_la_maps_69e0bf1a561b4,\n                    icon: 'http:\/\/eraybranda.com\/wp-content\/uploads\/2019\/01\/Untitled-1-1.png'\n                });\n\n                \n                google.maps.event.trigger(map_la_maps_69e0bf1a561b4, 'resize');\n                $(window).resize(function(){\n                    google.maps.event.trigger(map_la_maps_69e0bf1a561b4, 'resize');\n                    if(map_la_maps_69e0bf1a561b4!=null)\n                        map_la_maps_69e0bf1a561b4.setCenter(coordinate_la_maps_69e0bf1a561b4);\n                });\n            }\n\n            if(\"undefined\" != typeof google && \"undefined\" != typeof google.maps){\n                _init_map();\n            }\n            else{\n                try{\n                    LA.core.loadDependencies(['https:\/\/maps.googleapis.com\/maps\/api\/js?key=AIzaSyCRVgKaDYPQokbMuy5fvGy-QoR44WNG7IA'], function(){\n                        _init_map();\n                    })\n                }catch (ex){\n\n                }\n            }\n        });\n\n    })(jQuery);\n<\/script>[\/vc_column][vc_column width=&#8221;2\/3&#8243; offset=&#8221;vc_col-lg-offset-1&#8243;][vc_row_inner][vc_column_inner offset=&#8221;vc_col-lg-offset-1 vc_col-lg-10&#8243;]<div id=\"la_heading_69e0bf1a563db\" class=\"la-headings text-center spacer-position-middle\"><h3 class=\"js-el heading-tag la-unit-responsive margin-top-0\" style=\"\"  data-la_component=\"UnitResponsive\"  data-el_target='#la_heading_69e0bf1a563db .heading-tag'  data-el_media_sizes='{&quot;font-size&quot;:&quot;lg:24px;&quot;,&quot;line-height&quot;:&quot;lg:36px;&quot;}' >Fiyat ve \u0130stekleriniz \u0130\u00e7in Bizlere Yazabilirsiniz.<\/h3><div class=\"la-separator  margin-top-20 margin-bottom-20\" style=\"height:1px\"><span class=\"la-line js-el la-unit-responsive\" style=\"border-style:solid;border-width:1px 0 0;border-color:#232324\"  data-la_component=\"UnitResponsive\"  data-el_target='#la_heading_69e0bf1a563db .la-line'  data-el_media_sizes='{&quot;width&quot;:&quot;lg:100px;&quot;}' ><\/span><\/div><div class=\"js-el subheading-tag la-unit-responsive\" style=\"\" ><p>L\u00fctfen Eksiksiz Doldurunuz Te\u015fekk\u00fcrler.<\/p>\n<\/div><\/div>\n[\/vc_column_inner][\/vc_row_inner]<div id=\"la_divider69e0bf1a564e5\" class=\"js-el la-divider la-unit-responsive\" data-la_component=\"UnitResponsive\"  data-el_target='#la_divider69e0bf1a564e5'  data-el_media_sizes='{&quot;padding-top&quot;:&quot;lg:35px;&quot;}' ><\/div>\n<div role=\"form\" class=\"wpcf7\" id=\"wpcf7-f580-o1\" lang=\"en-US\" dir=\"ltr\">\n<div class=\"screen-reader-response\"><p role=\"status\" aria-live=\"polite\" aria-atomic=\"true\"><\/p> <ul><\/ul><\/div>\n<form action=\"\/index.php\/wp-json\/wp\/v2\/pages\/573#wpcf7-f580-o1\" method=\"post\" class=\"wpcf7-form init\" novalidate=\"novalidate\" data-status=\"init\">\n<div style=\"display: none;\">\n<input type=\"hidden\" name=\"_wpcf7\" value=\"580\" \/>\n<input type=\"hidden\" name=\"_wpcf7_version\" value=\"5.4.1\" \/>\n<input type=\"hidden\" name=\"_wpcf7_locale\" value=\"en_US\" \/>\n<input type=\"hidden\" name=\"_wpcf7_unit_tag\" value=\"wpcf7-f580-o1\" \/>\n<input type=\"hidden\" name=\"_wpcf7_container_post\" value=\"0\" \/>\n<input type=\"hidden\" name=\"_wpcf7_posted_data_hash\" value=\"\" \/>\n<\/div>\n<div class=\"cf7-style-default\">\n<div class=\"row\">\n<div class=\"col-xs-12 col-sm-6\"><span class=\"wpcf7-form-control-wrap your-name\"><input type=\"text\" name=\"your-name\" value=\"\" size=\"40\" class=\"wpcf7-form-control wpcf7-text wpcf7-validates-as-required\" aria-required=\"true\" aria-invalid=\"false\" placeholder=\"Ad\u0131n\u0131z Soyad\u0131n\u0131z\" \/><\/span><\/div>\n<div class=\"col-xs-12 col-sm-6\"><span class=\"wpcf7-form-control-wrap your-email\"><input type=\"email\" name=\"your-email\" value=\"\" size=\"40\" class=\"wpcf7-form-control wpcf7-text wpcf7-email wpcf7-validates-as-required wpcf7-validates-as-email\" aria-required=\"true\" aria-invalid=\"false\" placeholder=\"EMAIL\" \/><\/span><\/div>\n<\/div>\n<div class=\"row\">\n<div class=\"col-xs-12 col-sm-6\"><span class=\"wpcf7-form-control-wrap your-website\"><input type=\"text\" name=\"your-website\" value=\"\" size=\"40\" class=\"wpcf7-form-control wpcf7-text wpcf7-validates-as-required\" aria-required=\"true\" aria-invalid=\"false\" placeholder=\"Websiteniz\" \/><\/span><\/div>\n<div class=\"col-xs-12 col-sm-6\"><span class=\"wpcf7-form-control-wrap your-phone\"><input type=\"tel\" name=\"your-phone\" value=\"\" size=\"40\" class=\"wpcf7-form-control wpcf7-text wpcf7-tel wpcf7-validates-as-required wpcf7-validates-as-tel\" aria-required=\"true\" aria-invalid=\"false\" placeholder=\"Telefon Numaran\u0131z\" \/><\/span><\/div>\n<\/div>\n<div class=\"row\">\n<div class=\"col-xs-12\"><span class=\"wpcf7-form-control-wrap your-message\"><textarea name=\"your-message\" cols=\"40\" rows=\"8\" class=\"wpcf7-form-control wpcf7-textarea wpcf7-validates-as-required\" aria-required=\"true\" aria-invalid=\"false\" placeholder=\"MEsaj\u0131n\u0131z\"><\/textarea><\/span><\/div>\n<\/div>\n<div class=\"row\">\n<div class=\"col-xs-12\"><input type=\"submit\" value=\"Mesaj G\u00f6nderin\" class=\"wpcf7-form-control wpcf7-submit btn btn-style-flat btn-color-black size-full\" \/><\/div>\n<\/div>\n<\/div>\n<div class=\"wpcf7-response-output\" aria-hidden=\"true\"><\/div><\/form><\/div>[\/vc_column][\/vc_row][vc_row][vc_column]<div id=\"la_divider69e0bf1a5749b\" class=\"js-el la-divider la-unit-responsive\" data-la_component=\"UnitResponsive\"  data-el_target='#la_divider69e0bf1a5749b'  data-el_media_sizes='{&quot;padding-top&quot;:&quot;lg:110px;&quot;}' ><\/div>\n[\/vc_column][\/vc_row]<\/p>\n<\/section>","protected":false},"excerpt":{"rendered":"<p>[vc_row][vc_column][\/vc_column][\/vc_row][vc_row][vc_column width=&#8221;1\/3&#8243; offset=&#8221;vc_col-lg-3&#8243; css=&#8221;.vc_custom_1501201700765{margin-bottom: 30px !important;padding-right: 0px !important;}&#8221;][\/vc_column][vc_column width=&#8221;2\/3&#8243; offset=&#8221;vc_col-lg-offset-1&#8243;][vc_row_inner][vc_column_inner offset=&#8221;vc_col-lg-offset-1 vc_col-lg-10&#8243;][\/vc_column_inner][\/vc_row_inner][\/vc_column][\/vc_row][vc_row][vc_column][\/vc_column][\/vc_row]<\/p>\n","protected":false},"author":1,"featured_media":0,"parent":0,"menu_order":0,"comment_status":"closed","ping_status":"closed","template":"","meta":[],"_links":{"self":[{"href":"http:\/\/eraybranda.com\/index.php\/wp-json\/wp\/v2\/pages\/573"}],"collection":[{"href":"http:\/\/eraybranda.com\/index.php\/wp-json\/wp\/v2\/pages"}],"about":[{"href":"http:\/\/eraybranda.com\/index.php\/wp-json\/wp\/v2\/types\/page"}],"author":[{"embeddable":true,"href":"http:\/\/eraybranda.com\/index.php\/wp-json\/wp\/v2\/users\/1"}],"replies":[{"embeddable":true,"href":"http:\/\/eraybranda.com\/index.php\/wp-json\/wp\/v2\/comments?post=573"}],"version-history":[{"count":5,"href":"http:\/\/eraybranda.com\/index.php\/wp-json\/wp\/v2\/pages\/573\/revisions"}],"predecessor-version":[{"id":1299,"href":"http:\/\/eraybranda.com\/index.php\/wp-json\/wp\/v2\/pages\/573\/revisions\/1299"}],"wp:attachment":[{"href":"http:\/\/eraybranda.com\/index.php\/wp-json\/wp\/v2\/media?parent=573"}],"curies":[{"name":"wp","href":"https:\/\/api.w.org\/{rel}","templated":true}]}}